{"id":4090,"date":"2024-12-08T19:46:16","date_gmt":"2024-12-08T19:46:16","guid":{"rendered":"https:\/\/cables.daisiv.com\/nos-produits\/"},"modified":"2025-01-05T17:12:48","modified_gmt":"2025-01-05T17:12:48","slug":"nos-produits","status":"publish","type":"page","link":"https:\/\/cables.daisiv.com\/fr\/nos-produits\/","title":{"rendered":"Nos produits"},"content":{"rendered":"\t\t<div data-elementor-type=\"wp-page\" data-elementor-id=\"4090\" class=\"elementor elementor-4090 elementor-950\" data-elementor-post-type=\"page\">\n\t\t\t\t<div class=\"elementor-element elementor-element-6dcadfb e-flex e-con-boxed e-con e-parent\" data-id=\"6dcadfb\" data-element_type=\"container\">\n\t\t\t\t\t<div class=\"e-con-inner\">\n\t\t<div class=\"elementor-element elementor-element-7040d5b e-con-full e-flex e-con e-child\" data-id=\"7040d5b\" data-element_type=\"container\">\n\t\t<div class=\"elementor-element elementor-element-ae6844e e-con-full e-flex e-con e-child\" data-id=\"ae6844e\" data-element_type=\"container\" data-settings=\"{&quot;background_background&quot;:&quot;classic&quot;}\">\n\t\t\t\t<div class=\"elementor-element elementor-element-5ad965e elementor-widget elementor-widget-heading\" data-id=\"5ad965e\" data-element_type=\"widget\" data-widget_type=\"heading.default\">\n\t\t\t\t<div class=\"elementor-widget-container\">\n\t\t\t\t\t<h1 class=\"elementor-heading-title elementor-size-default\">C\u00e2bles<\/h1>\t\t\t\t<\/div>\n\t\t\t\t<\/div>\n\t\t\t\t<div class=\"elementor-element elementor-element-e9644c0 elementor-widget elementor-widget-text-editor\" data-id=\"e9644c0\" data-element_type=\"widget\" data-widget_type=\"text-editor.default\">\n\t\t\t\t<div class=\"elementor-widget-container\">\n\t\t\t\t\t\t\t\t\t<p>C\u00e2bles \u00e9lectriques de toutes sections en PVC, silicone ou t\u00e9flon recouverts de textile ou d\u2019autres mat\u00e9riaux plat, rond, torsad\u00e9, aux normes europ\u00e9enne ou am\u00e9ricaine. <\/p>\n\t\t\t\t\t\t\t\t<\/div>\n\t\t\t\t<\/div>\n\t\t\t\t<\/div>\n\t\t<div class=\"elementor-element elementor-element-85893a5 e-con-full e-flex e-con e-child\" data-id=\"85893a5\" data-element_type=\"container\">\n\t\t<div class=\"elementor-element elementor-element-7bb5d2e e-con-full container3 e-flex e-con e-child\" data-id=\"7bb5d2e\" data-element_type=\"container\" data-settings=\"{&quot;background_background&quot;:&quot;classic&quot;}\">\n\t\t\t\t<div class=\"elementor-element elementor-element-7cf9e37 elementor-align-right elementor-widget elementor-widget-button\" data-id=\"7cf9e37\" data-element_type=\"widget\" data-widget_type=\"button.default\">\n\t\t\t\t<div class=\"elementor-widget-container\">\n\t\t\t\t\t\t\t\t\t<div class=\"elementor-button-wrapper\">\n\t\t\t\t\t<a class=\"elementor-button elementor-button-link elementor-size-sm\" href=\"\/componente\/redondo\/\">\n\t\t\t\t\t\t<span class=\"elementor-button-content-wrapper\">\n\t\t\t\t\t\t\t\t\t<span class=\"elementor-button-text\">Rond<\/span>\n\t\t\t\t\t<\/span>\n\t\t\t\t\t<\/a>\n\t\t\t\t<\/div>\n\t\t\t\t\t\t\t\t<\/div>\n\t\t\t\t<\/div>\n\t\t\t\t<\/div>\n\t\t<div class=\"elementor-element elementor-element-81f2da1 e-con-full container4 e-flex e-con e-child\" data-id=\"81f2da1\" data-element_type=\"container\" data-settings=\"{&quot;background_background&quot;:&quot;classic&quot;}\">\n\t\t\t\t<div class=\"elementor-element elementor-element-c71086a elementor-align-right elementor-widget elementor-widget-button\" data-id=\"c71086a\" data-element_type=\"widget\" data-widget_type=\"button.default\">\n\t\t\t\t<div class=\"elementor-widget-container\">\n\t\t\t\t\t\t\t\t\t<div class=\"elementor-button-wrapper\">\n\t\t\t\t\t<a class=\"elementor-button elementor-button-link elementor-size-sm\" href=\"\/componente\/torcido\/\">\n\t\t\t\t\t\t<span class=\"elementor-button-content-wrapper\">\n\t\t\t\t\t\t\t\t\t<span class=\"elementor-button-text\">Torsad\u00e9<\/span>\n\t\t\t\t\t<\/span>\n\t\t\t\t\t<\/a>\n\t\t\t\t<\/div>\n\t\t\t\t\t\t\t\t<\/div>\n\t\t\t\t<\/div>\n\t\t\t\t<\/div>\n\t\t\t\t<\/div>\n\t\t<div class=\"elementor-element elementor-element-51b0317 e-con-full e-flex e-con e-child\" data-id=\"51b0317\" data-element_type=\"container\">\n\t\t<div class=\"elementor-element elementor-element-aff2317 e-con-full container5 e-flex e-con e-child\" data-id=\"aff2317\" data-element_type=\"container\" data-settings=\"{&quot;background_background&quot;:&quot;classic&quot;}\">\n\t\t\t\t<div class=\"elementor-element elementor-element-a19e24d elementor-align-right elementor-widget elementor-widget-button\" data-id=\"a19e24d\" data-element_type=\"widget\" data-widget_type=\"button.default\">\n\t\t\t\t<div class=\"elementor-widget-container\">\n\t\t\t\t\t\t\t\t\t<div class=\"elementor-button-wrapper\">\n\t\t\t\t\t<a class=\"elementor-button elementor-button-link elementor-size-sm\" href=\"\/componente\/treccia\/\">\n\t\t\t\t\t\t<span class=\"elementor-button-content-wrapper\">\n\t\t\t\t\t\t\t\t\t<span class=\"elementor-button-text\">Treccia<\/span>\n\t\t\t\t\t<\/span>\n\t\t\t\t\t<\/a>\n\t\t\t\t<\/div>\n\t\t\t\t\t\t\t\t<\/div>\n\t\t\t\t<\/div>\n\t\t\t\t<\/div>\n\t\t<div class=\"elementor-element elementor-element-6b0db92 e-con-full container6 e-flex e-con e-child\" data-id=\"6b0db92\" data-element_type=\"container\" data-settings=\"{&quot;background_background&quot;:&quot;classic&quot;}\">\n\t\t\t\t<div class=\"elementor-element elementor-element-36ae942 elementor-align-right elementor-widget elementor-widget-button\" data-id=\"36ae942\" data-element_type=\"widget\" data-widget_type=\"button.default\">\n\t\t\t\t<div class=\"elementor-widget-container\">\n\t\t\t\t\t\t\t\t\t<div class=\"elementor-button-wrapper\">\n\t\t\t\t\t<a class=\"elementor-button elementor-button-link elementor-size-sm\" href=\"\/componente\/planos\/\">\n\t\t\t\t\t\t<span class=\"elementor-button-content-wrapper\">\n\t\t\t\t\t\t\t\t\t<span class=\"elementor-button-text\">Plat<\/span>\n\t\t\t\t\t<\/span>\n\t\t\t\t\t<\/a>\n\t\t\t\t<\/div>\n\t\t\t\t\t\t\t\t<\/div>\n\t\t\t\t<\/div>\n\t\t\t\t<\/div>\n\t\t\t\t<\/div>\n\t\t\t\t<\/div>\n\t\t<div class=\"elementor-element elementor-element-71237ba e-con-full e-flex e-con e-child\" data-id=\"71237ba\" data-element_type=\"container\">\n\t\t<div class=\"elementor-element elementor-element-7cd4246 e-con-full e-flex e-con e-child\" data-id=\"7cd4246\" data-element_type=\"container\" data-settings=\"{&quot;background_background&quot;:&quot;classic&quot;}\">\n\t\t\t\t<div class=\"elementor-element elementor-element-521aa0b elementor-widget elementor-widget-heading\" data-id=\"521aa0b\" data-element_type=\"widget\" data-widget_type=\"heading.default\">\n\t\t\t\t<div class=\"elementor-widget-container\">\n\t\t\t\t\t<h1 class=\"elementor-heading-title elementor-size-default\">D\u2019autres produits<\/h1>\t\t\t\t<\/div>\n\t\t\t\t<\/div>\n\t\t\t\t<div class=\"elementor-element elementor-element-56edd4f elementor-widget elementor-widget-text-editor\" data-id=\"56edd4f\" data-element_type=\"widget\" data-widget_type=\"text-editor.default\">\n\t\t\t\t<div class=\"elementor-widget-container\">\n\t\t\t\t\t\t\t\t\t<p>Nous r\u00e9alisons \u00e9galement \u00e0 partir de ces c\u00e2bles des montages, sets de suspension, kits, ainsi que des produits complets personnalis\u00e9s \u00e0 la demande de nos clients. Kits et sets complets sur demande. <\/p>\n\t\t\t\t\t\t\t\t<\/div>\n\t\t\t\t<\/div>\n\t\t\t\t<\/div>\n\t\t<div class=\"elementor-element elementor-element-0cc3ba1 e-con-full e-flex e-con e-child\" data-id=\"0cc3ba1\" data-element_type=\"container\">\n\t\t<div class=\"elementor-element elementor-element-31ba82d e-con-full container7 e-flex e-con e-child\" data-id=\"31ba82d\" data-element_type=\"container\" data-settings=\"{&quot;background_background&quot;:&quot;classic&quot;}\">\n\t\t\t\t<div class=\"elementor-element elementor-element-5514e6d elementor-align-right elementor-widget elementor-widget-button\" data-id=\"5514e6d\" data-element_type=\"widget\" data-widget_type=\"button.default\">\n\t\t\t\t<div class=\"elementor-widget-container\">\n\t\t\t\t\t\t\t\t\t<div class=\"elementor-button-wrapper\">\n\t\t\t\t\t<a class=\"elementor-button elementor-button-link elementor-size-sm\" href=\"\/componente\/accesorios\/\">\n\t\t\t\t\t\t<span class=\"elementor-button-content-wrapper\">\n\t\t\t\t\t\t\t\t\t<span class=\"elementor-button-text\">Accessoires<\/span>\n\t\t\t\t\t<\/span>\n\t\t\t\t\t<\/a>\n\t\t\t\t<\/div>\n\t\t\t\t\t\t\t\t<\/div>\n\t\t\t\t<\/div>\n\t\t\t\t<\/div>\n\t\t\t\t<\/div>\n\t\t<div class=\"elementor-element elementor-element-39b13ea e-con-full e-flex e-con e-child\" data-id=\"39b13ea\" data-element_type=\"container\">\n\t\t<div class=\"elementor-element elementor-element-9622053 e-con-full container8 e-flex e-con e-child\" data-id=\"9622053\" data-element_type=\"container\" data-settings=\"{&quot;background_background&quot;:&quot;classic&quot;}\">\n\t\t\t\t<div class=\"elementor-element elementor-element-03d1df5 elementor-align-right elementor-widget elementor-widget-button\" data-id=\"03d1df5\" data-element_type=\"widget\" data-widget_type=\"button.default\">\n\t\t\t\t<div class=\"elementor-widget-container\">\n\t\t\t\t\t\t\t\t\t<div class=\"elementor-button-wrapper\">\n\t\t\t\t\t<a class=\"elementor-button elementor-button-link elementor-size-sm\" href=\"https:\/\/cables.daisiv.com\/kits-combinables\/\">\n\t\t\t\t\t\t<span class=\"elementor-button-content-wrapper\">\n\t\t\t\t\t\t\t\t\t<span class=\"elementor-button-text\">Kits combinables<\/span>\n\t\t\t\t\t<\/span>\n\t\t\t\t\t<\/a>\n\t\t\t\t<\/div>\n\t\t\t\t\t\t\t\t<\/div>\n\t\t\t\t<\/div>\n\t\t\t\t<\/div>\n\t\t\t\t<\/div>\n\t\t\t\t<\/div>\n\t\t\t\t\t<\/div>\n\t\t\t\t<\/div>\n\t\t<div class=\"elementor-element elementor-element-f84ef1d e-flex e-con-boxed e-con e-parent\" data-id=\"f84ef1d\" data-element_type=\"container\">\n\t\t\t\t\t<div class=\"e-con-inner\">\n\t\t\t\t<div class=\"elementor-element elementor-element-46d6e7f elementor-widget elementor-widget-spacer\" data-id=\"46d6e7f\" data-element_type=\"widget\" data-widget_type=\"spacer.default\">\n\t\t\t\t<div class=\"elementor-widget-container\">\n\t\t\t\t\t\t\t<div class=\"elementor-spacer\">\n\t\t\t<div class=\"elementor-spacer-inner\"><\/div>\n\t\t<\/div>\n\t\t\t\t\t\t<\/div>\n\t\t\t\t<\/div>\n\t\t\t\t\t<\/div>\n\t\t\t\t<\/div>\n\t\t\t\t<\/div>\n\t\t","protected":false},"excerpt":{"rendered":"<p>C\u00e2bles C\u00e2bles \u00e9lectriques de toutes sections en PVC, silicone ou t\u00e9flon recouverts de textile ou d\u2019autres mat\u00e9riaux plat, rond, torsad\u00e9, aux normes europ\u00e9enne ou am\u00e9ricaine. Rond Torsad\u00e9 Treccia Plat D\u2019autres produits Nous r\u00e9alisons \u00e9galement \u00e0 partir de ces c\u00e2bles des montages, sets de suspension, kits, ainsi que des produits complets personnalis\u00e9s \u00e0 la demande de &#8230; <a title=\"Nos produits\" class=\"read-more\" href=\"https:\/\/cables.daisiv.com\/fr\/nos-produits\/\" aria-label=\"En savoir plus sur Nos produits\">Lire la suite<\/a><\/p>\n","protected":false},"author":1,"featured_media":0,"parent":0,"menu_order":0,"comment_status":"closed","ping_status":"closed","template":"","meta":{"_acf_changed":false,"footnotes":""},"class_list":["post-4090","page","type-page","status-publish"],"acf":[],"_links":{"self":[{"href":"https:\/\/cables.daisiv.com\/fr\/wp-json\/wp\/v2\/pages\/4090","targetHints":{"allow":["GET"]}}],"collection":[{"href":"https:\/\/cables.daisiv.com\/fr\/wp-json\/wp\/v2\/pages"}],"about":[{"href":"https:\/\/cables.daisiv.com\/fr\/wp-json\/wp\/v2\/types\/page"}],"author":[{"embeddable":true,"href":"https:\/\/cables.daisiv.com\/fr\/wp-json\/wp\/v2\/users\/1"}],"replies":[{"embeddable":true,"href":"https:\/\/cables.daisiv.com\/fr\/wp-json\/wp\/v2\/comments?post=4090"}],"version-history":[{"count":1,"href":"https:\/\/cables.daisiv.com\/fr\/wp-json\/wp\/v2\/pages\/4090\/revisions"}],"predecessor-version":[{"id":4091,"href":"https:\/\/cables.daisiv.com\/fr\/wp-json\/wp\/v2\/pages\/4090\/revisions\/4091"}],"wp:attachment":[{"href":"https:\/\/cables.daisiv.com\/fr\/wp-json\/wp\/v2\/media?parent=4090"}],"curies":[{"name":"wp","href":"https:\/\/api.w.org\/{rel}","templated":true}]}}